{"id":470,"date":"2025-05-30T17:31:56","date_gmt":"2025-05-30T17:31:56","guid":{"rendered":"https:\/\/emarquitec.com\/?page_id=470"},"modified":"2025-05-30T17:35:35","modified_gmt":"2025-05-30T17:35:35","slug":"politica-de-cookies","status":"publish","type":"page","link":"https:\/\/emarquitec.com\/en\/politica-de-cookies\/","title":{"rendered":"Cookie Policy"},"content":{"rendered":"<div data-elementor-type=\"wp-page\" data-elementor-id=\"470\" class=\"elementor elementor-470\" data-elementor-post-type=\"page\">\n\t\t\t\t<div class=\"elementor-element elementor-element-ca7d0fe e-flex e-con-boxed e-con e-parent\" data-id=\"ca7d0fe\" data-element_type=\"container\">\n\t\t\t\t\t<div class=\"e-con-inner\">\n\t\t\t\t<div class=\"elementor-element elementor-element-ba51b22 elementor-widget elementor-widget-heading\" data-id=\"ba51b22\" data-element_type=\"widget\" data-widget_type=\"heading.default\">\n\t\t\t\t<div class=\"elementor-widget-container\">\n\t\t\t\t\t<h2 class=\"elementor-heading-title elementor-size-default\">Cookie Policy<\/h2>\t\t\t\t<\/div>\n\t\t\t\t<\/div>\n\t\t\t\t<div class=\"elementor-element elementor-element-8ca95be elementor-widget elementor-widget-text-editor\" data-id=\"8ca95be\" data-element_type=\"widget\" data-widget_type=\"text-editor.default\">\n\t\t\t\t<div class=\"elementor-widget-container\">\n\t\t\t\t\t\t\t\t\t<p>En\u00a0<strong>emarquitec.com<\/strong>\u00a0utilizamos cookies para mejorar tu experiencia en nuestro sitio web. A continuaci\u00f3n, te explicamos qu\u00e9 son las cookies, c\u00f3mo las utilizamos y c\u00f3mo puedes gestionarlas.<\/p><h4><strong>1. \u00bfQu\u00e9 son las Cookies?<\/strong><\/h4><p>Las cookies son peque\u00f1os archivos de texto que se almacenan en tu dispositivo cuando visitas una p\u00e1gina web. Estas cookies permiten que el sitio web recuerde tus acciones y preferencias (como inicio de sesi\u00f3n, idioma, tama\u00f1o de fuente y otras preferencias de visualizaci\u00f3n) durante un tiempo determinado, para que no tengas que volver a configurarlas cada vez que vuelves al sitio o navegas de una p\u00e1gina a otra.<\/p><h4><strong>2. \u00bfQu\u00e9 Tipos de Cookies Utilizamos?<\/strong><\/h4><p>En\u00a0<strong>emarquitec.com<\/strong>, utilizamos los siguientes tipos de cookies:<\/p><ul><li><p><strong>Cookies necesarias<\/strong>: Son esenciales para el funcionamiento del sitio web. Sin estas cookies, el sitio no funcionar\u00eda correctamente, por lo que no se pueden desactivar.<\/p><\/li><li><p><strong>Cookies de preferencia<\/strong>: Permiten recordar tus preferencias (como el idioma o la regi\u00f3n en la que te encuentras) para ofrecerte una experiencia m\u00e1s personalizada.<\/p><\/li><li><p><strong>Cookies anal\u00edticas<\/strong>: Recopilan informaci\u00f3n sobre c\u00f3mo los visitantes usan el sitio web, como las p\u00e1ginas que m\u00e1s visitan o si reciben mensajes de error. Estas cookies no recopilan informaci\u00f3n que identifique a un visitante. Toda la informaci\u00f3n que recogen es agregada y, por lo tanto, an\u00f3nima. Estas cookies se utilizan solo para mejorar el funcionamiento del sitio web.<\/p><\/li><li><p><strong>Cookies de marketing<\/strong>: Se utilizan para rastrear a los visitantes en los sitios web. Su objetivo es mostrar anuncios relevantes y atractivos para el usuario individual, y, por tanto, m\u00e1s valiosos para los editores y terceros anunciantes.<\/p><\/li><\/ul><h4><strong>3. \u00bfC\u00f3mo Puedes Gestionar las Cookies?<\/strong><\/h4><p>Puedes controlar y\/o eliminar las cookies como desees. Puedes eliminar todas las cookies que ya est\u00e1n en tu dispositivo y configurar la mayor\u00eda de los navegadores para que no se instalen. Sin embargo, si lo haces, es posible que tengas que ajustar manualmente algunas preferencias cada vez que visites un sitio y que algunos servicios y funcionalidades no funcionen.<\/p><p>Para gestionar las cookies, puedes seguir las instrucciones espec\u00edficas para cada navegador:<\/p><ul><li><strong>Google Chrome<\/strong>:\u00a0<a target=\"_new\" rel=\"noopener\">Configura cookies en Chrome<\/a><\/li><li><strong>Mozilla Firefox<\/strong>:\u00a0<a href=\"https:\/\/support.mozilla.org\/es\/kb\/habilitar-y-deshabilitar-cookies-sitios-web-rastrear-preferencias\" target=\"_new\" rel=\"noopener\">Configura cookies en Firefox<\/a><\/li><li><strong>Safari<\/strong>:\u00a0<a href=\"https:\/\/support.apple.com\/es-es\/guide\/safari\/sfri11471\/mac\" target=\"_new\" rel=\"noopener\">Configura cookies en Safari<\/a><\/li><li><strong>Microsoft Edge<\/strong>:\u00a0<a href=\"https:\/\/support.microsoft.com\/es-es\/microsoft-edge\/eliminar-y-administrar-cookies-168dab11-0753-043d-7c16-ede5947fc64d\" target=\"_new\" rel=\"noopener\">Configura cookies en Edge<\/a><\/li><\/ul><h4><strong>4. Cambios en la Pol\u00edtica de Cookies<\/strong><\/h4><p>Podemos actualizar nuestra Pol\u00edtica de Cookies para reflejar cambios en nuestras pr\u00e1cticas o en la normativa vigente. Cualquier cambio en esta pol\u00edtica se publicar\u00e1 en esta p\u00e1gina y entrar\u00e1 en vigor en el momento de su publicaci\u00f3n.<\/p><p><strong>5. Contacto<br \/><\/strong>Si tienes alguna pregunta sobre nuestra Pol\u00edtica de Cookies, no dudes en contactarnos a trav\u00e9s de <strong>info@emarquitec.com<br \/><\/strong><\/p>\t\t\t\t\t\t\t\t<\/div>\n\t\t\t\t<\/div>\n\t\t\t\t\t<\/div>\n\t\t\t\t<\/div>\n\t\t\t\t<\/div>","protected":false},"excerpt":{"rendered":"<p>Pol\u00edtica de Cookies En\u00a0emarquitec.com\u00a0utilizamos cookies para mejorar tu experiencia en nuestro sitio web. A continuaci\u00f3n, te explicamos qu\u00e9 son las cookies, c\u00f3mo las utilizamos y c\u00f3mo puedes gestionarlas. 1. \u00bfQu\u00e9 son las Cookies? Las cookies son peque\u00f1os archivos de texto que se almacenan en tu dispositivo cuando visitas una p\u00e1gina web. Estas cookies permiten que [&hellip;]<\/p>","protected":false},"author":1,"featured_media":0,"parent":0,"menu_order":0,"comment_status":"closed","ping_status":"closed","template":"","meta":{"footnotes":""},"class_list":["post-470","page","type-page","status-publish","hentry"],"_links":{"self":[{"href":"https:\/\/emarquitec.com\/en\/wp-json\/wp\/v2\/pages\/470","targetHints":{"allow":["GET"]}}],"collection":[{"href":"https:\/\/emarquitec.com\/en\/wp-json\/wp\/v2\/pages"}],"about":[{"href":"https:\/\/emarquitec.com\/en\/wp-json\/wp\/v2\/types\/page"}],"author":[{"embeddable":true,"href":"https:\/\/emarquitec.com\/en\/wp-json\/wp\/v2\/users\/1"}],"replies":[{"embeddable":true,"href":"https:\/\/emarquitec.com\/en\/wp-json\/wp\/v2\/comments?post=470"}],"version-history":[{"count":4,"href":"https:\/\/emarquitec.com\/en\/wp-json\/wp\/v2\/pages\/470\/revisions"}],"predecessor-version":[{"id":474,"href":"https:\/\/emarquitec.com\/en\/wp-json\/wp\/v2\/pages\/470\/revisions\/474"}],"wp:attachment":[{"href":"https:\/\/emarquitec.com\/en\/wp-json\/wp\/v2\/media?parent=470"}],"curies":[{"name":"wp","href":"https:\/\/api.w.org\/{rel}","templated":true}]}}