{"id":457,"date":"2025-05-27T16:23:37","date_gmt":"2025-05-27T16:23:37","guid":{"rendered":"https:\/\/emarquitec.com\/?page_id=457"},"modified":"2025-05-30T17:42:21","modified_gmt":"2025-05-30T17:42:21","slug":"aviso-legal","status":"publish","type":"page","link":"https:\/\/emarquitec.com\/en\/aviso-legal\/","title":{"rendered":"Legal Disclaimer"},"content":{"rendered":"<div data-elementor-type=\"wp-page\" data-elementor-id=\"457\" class=\"elementor elementor-457\" data-elementor-post-type=\"page\">\n\t\t\t\t<div class=\"elementor-element elementor-element-992cfc7 e-flex e-con-boxed e-con e-parent\" data-id=\"992cfc7\" data-element_type=\"container\">\n\t\t\t\t\t<div class=\"e-con-inner\">\n\t\t\t\t<div class=\"elementor-element elementor-element-b64a008 elementor-widget elementor-widget-heading\" data-id=\"b64a008\" data-element_type=\"widget\" data-widget_type=\"heading.default\">\n\t\t\t\t<div class=\"elementor-widget-container\">\n\t\t\t\t\t<h2 class=\"elementor-heading-title elementor-size-default\">Legal Disclaimer<\/h2>\t\t\t\t<\/div>\n\t\t\t\t<\/div>\n\t\t\t\t<div class=\"elementor-element elementor-element-7e9dd74 elementor-widget elementor-widget-text-editor\" data-id=\"7e9dd74\" data-element_type=\"widget\" data-widget_type=\"text-editor.default\">\n\t\t\t\t<div class=\"elementor-widget-container\">\n\t\t\t\t\t\t\t\t\t<p>Bienvenido a\u00a0<strong>emarquitec.com<\/strong>\u00a0Este Aviso Legal regula el acceso y uso de esta p\u00e1gina web. Al acceder y utilizar este sitio, aceptas las condiciones establecidas en este documento.<\/p><h4><strong>1. Identificaci\u00f3n del Titular<\/strong><\/h4><p>En cumplimiento con la Ley de Servicios de la Sociedad de la Informaci\u00f3n y de Comercio Electr\u00f3nico (LSSI-CE), se informa que el titular de esta p\u00e1gina web es:<\/p><ul><li><strong>Nombre o Raz\u00f3n Social<\/strong>: Eric \u00c1ngel Molina Ballar\u00edn<\/li><li><strong>CIF\/NIF<\/strong>: 48064418F<\/li><li><strong>Correo Electr\u00f3nico<\/strong>: info<a rel=\"noopener\">@emarquitec.com<\/a><\/li><\/ul><h4><strong>2. Condiciones de Uso<\/strong><\/h4><p>El acceso y navegaci\u00f3n en <strong>emarquitec.com<\/strong>\u00a0y el uso de sus servicios implica la aceptaci\u00f3n de los t\u00e9rminos y condiciones establecidos en este Aviso Legal. Si no est\u00e1s de acuerdo con los t\u00e9rminos, te pedimos que no utilices el sitio.<\/p><h4><strong>3. Propiedad Intelectual e Industrial<\/strong><\/h4><p>Todos los contenidos de este sitio web, incluyendo textos, im\u00e1genes, gr\u00e1ficos, logotipos, iconos, botones, software, nombres comerciales, marcas, o cualquier otro signo susceptible de utilizaci\u00f3n industrial y comercial, est\u00e1n protegidos por derechos de propiedad intelectual e industrial de los cuales <strong>emarquitec.com<\/strong>\u00a0es titular o tiene licencia de uso.<\/p><p>Queda prohibida la reproducci\u00f3n, distribuci\u00f3n, modificaci\u00f3n, comunicaci\u00f3n p\u00fablica o cualquier otro acto que no haya sido expresamente autorizado por escrito por el titular de los derechos de explotaci\u00f3n.<\/p><h4><strong>4. Responsabilidad<\/strong><\/h4><p><strong>emarquitec.com<\/strong> no se hace responsable de los da\u00f1os o perjuicios que puedan derivarse del acceso o uso de la web, incluyendo, pero no limitado a, aquellos producidos en sistemas inform\u00e1ticos o los provocados por virus o actividades il\u00edcitas de hackers.<\/p><p>No obstante, nos comprometemos a realizar todos los esfuerzos necesarios para garantizar el funcionamiento adecuado del sitio web y evitar cualquier tipo de riesgo.<\/p><h4><strong>5. Enlaces a Terceros<\/strong><\/h4><p>Este sitio web puede contener enlaces a p\u00e1ginas externas. <strong>emarquitec.com<\/strong>\u00a0no se responsabiliza de los contenidos ni de cualquier otro aspecto relacionado con dichos sitios web externos. La inclusi\u00f3n de estos enlaces no implica ning\u00fan tipo de asociaci\u00f3n o relaci\u00f3n con las entidades enlazadas.<\/p><h4><strong>6. Legislaci\u00f3n Aplicable y Jurisdicci\u00f3n<\/strong><\/h4><p>El presente Aviso Legal se rige por la legislaci\u00f3n espa\u00f1ola. Para la resoluci\u00f3n de cualquier controversia que pueda surgir en relaci\u00f3n con el uso de la web, las partes acuerdan someterse a los tribunales de la ciudad de Barcelona, renunciando expresamente a cualquier otro fuero que pudiera corresponderles.<\/p><h4><strong>7. Modificaciones del Aviso Legal<\/strong><\/h4><p><strong>emarquitec.com<\/strong> se reserva el derecho a modificar el presente Aviso Legal para adaptarlo a futuras novedades legislativas o jurisprudenciales, as\u00ed como a pr\u00e1cticas del sector. Cualquier cambio ser\u00e1 notificado a los usuarios en esta misma p\u00e1gina.<\/p>\t\t\t\t\t\t\t\t<\/div>\n\t\t\t\t<\/div>\n\t\t\t\t\t<\/div>\n\t\t\t\t<\/div>\n\t\t\t\t<\/div>","protected":false},"excerpt":{"rendered":"<p>Aviso Legal Bienvenido a\u00a0emarquitec.com\u00a0Este Aviso Legal regula el acceso y uso de esta p\u00e1gina web. Al acceder y utilizar este sitio, aceptas las condiciones establecidas en este documento. 1. Identificaci\u00f3n del Titular En cumplimiento con la Ley de Servicios de la Sociedad de la Informaci\u00f3n y de Comercio Electr\u00f3nico (LSSI-CE), se informa que el titular [&hellip;]<\/p>","protected":false},"author":1,"featured_media":0,"parent":0,"menu_order":0,"comment_status":"closed","ping_status":"closed","template":"","meta":{"footnotes":""},"class_list":["post-457","page","type-page","status-publish","hentry"],"_links":{"self":[{"href":"https:\/\/emarquitec.com\/en\/wp-json\/wp\/v2\/pages\/457","targetHints":{"allow":["GET"]}}],"collection":[{"href":"https:\/\/emarquitec.com\/en\/wp-json\/wp\/v2\/pages"}],"about":[{"href":"https:\/\/emarquitec.com\/en\/wp-json\/wp\/v2\/types\/page"}],"author":[{"embeddable":true,"href":"https:\/\/emarquitec.com\/en\/wp-json\/wp\/v2\/users\/1"}],"replies":[{"embeddable":true,"href":"https:\/\/emarquitec.com\/en\/wp-json\/wp\/v2\/comments?post=457"}],"version-history":[{"count":10,"href":"https:\/\/emarquitec.com\/en\/wp-json\/wp\/v2\/pages\/457\/revisions"}],"predecessor-version":[{"id":477,"href":"https:\/\/emarquitec.com\/en\/wp-json\/wp\/v2\/pages\/457\/revisions\/477"}],"wp:attachment":[{"href":"https:\/\/emarquitec.com\/en\/wp-json\/wp\/v2\/media?parent=457"}],"curies":[{"name":"wp","href":"https:\/\/api.w.org\/{rel}","templated":true}]}}